{"id":69,"date":"2014-03-05T15:21:11","date_gmt":"2014-03-05T15:21:11","guid":{"rendered":"http:\/\/onscandeias.wordpress.com\/?page_id=69"},"modified":"2020-08-28T18:47:17","modified_gmt":"2020-08-28T18:47:17","slug":"contactos","status":"publish","type":"page","link":"https:\/\/larcare.pt\/onsc\/contactos\/","title":{"rendered":"Contactos"},"content":{"rendered":"<h4><a href=\"https:\/\/larcare.pt\/onsc\/wp-content\/uploads\/2014\/03\/cropped-logo-onsc1.png\"><img loading=\"lazy\" class=\"alignnone wp-image-151\" src=\"https:\/\/larcare.pt\/onsc\/wp-content\/uploads\/2014\/03\/cropped-logo-onsc1.png\" alt=\"cropped-logo-onsc1.png\" width=\"77\" height=\"148\" \/><\/a><\/h4>\n<h4>SEDE &#8211; SECRETARIA<\/h4>\n<p>Rua Antero de Quental, n\u00ba 194, 4050 &#8211; 052 Porto<\/p>\n<p>Telefone: 225 379 957 Fax: 220 105 407<\/p>\n<p>E-mail: <a href=\"mailto:candeias.secretaria@gmail.com\">candeias.secretaria@gmail.com<\/a><\/p>\n<p>Hor\u00e1rio: 09h30 \u00e0s 13h00 e das 14h00 \u00e0s 17h00<\/p>\n<p><strong>Correspond\u00eancia:<\/strong><\/p>\n<p>Apartado 052176<\/p>\n<p>EC E\u00e7a de Queir\u00f3s &#8211; Porto<\/p>\n<p>4202-801 Porto<\/p>\n<h4>Jardim de Inf\u00e2ncia Luzinha<\/h4>\n<p>Rua de Bel\u00e9m, 304 4350-067 Porto<\/p>\n<p>Telefone: 225 027 448 Telem\u00f3vel: 935 025 894<\/p>\n<p>E-mail: jardim.de.infancia.luzinha@gmail.com<\/p>\n<h4>Jardim de Inf\u00e2ncia Abrigo Infantil Corte Real<\/h4>\n<p>Rua de Antero de Quental, 194 4050-052 Porto<\/p>\n<p>Telefone: 225 095 642 Telem\u00f3vel: 935 030 342<\/p>\n<p>E-mail: abrigo.luzinha@gmail.com<\/p>\n<h4>Jardim de Inf\u00e2ncia As Luzinhas<\/h4>\n<p>Caminho Jo\u00e3o da Ter\u00e7a, 26, 8700-210 Olh\u00e3o<\/p>\n<p>Telefone: 289 722 296<\/p>\n","protected":false},"excerpt":{"rendered":"<p>SEDE &#8211; SECRETARIA Rua Antero de Quental, n\u00ba 194, 4050 &#8211; 052 Porto Telefone: 225 379 957 Fax: 220 105 407 E-mail: candeias.secretaria@gmail.com Hor\u00e1rio: 09h30 \u00e0s 13h00 e das 14h00 \u00e0s 17h00 Correspond\u00eancia: Apartado 052176 EC E\u00e7a de Queir\u00f3s &#8211; Porto 4202-801 Porto Jardim de Inf\u00e2ncia Luzinha Rua de Bel\u00e9m, 304 4350-067 Porto Telefone: 225&hellip;<\/p>\n<p><a class=\"more-link\" href=\"https:\/\/larcare.pt\/onsc\/contactos\/\" title=\"Continue reading &lsquo;Contactos&rsquo;\">Continue reading <span class=\"meta-nav\">&rarr;<\/span><\/a><\/p>\n","protected":false},"author":1,"featured_media":0,"parent":0,"menu_order":5,"comment_status":"open","ping_status":"open","template":"","meta":[],"_links":{"self":[{"href":"https:\/\/larcare.pt\/onsc\/wp-json\/wp\/v2\/pages\/69"}],"collection":[{"href":"https:\/\/larcare.pt\/onsc\/wp-json\/wp\/v2\/pages"}],"about":[{"href":"https:\/\/larcare.pt\/onsc\/wp-json\/wp\/v2\/types\/page"}],"author":[{"embeddable":true,"href":"https:\/\/larcare.pt\/onsc\/wp-json\/wp\/v2\/users\/1"}],"replies":[{"embeddable":true,"href":"https:\/\/larcare.pt\/onsc\/wp-json\/wp\/v2\/comments?post=69"}],"version-history":[{"count":6,"href":"https:\/\/larcare.pt\/onsc\/wp-json\/wp\/v2\/pages\/69\/revisions"}],"predecessor-version":[{"id":521,"href":"https:\/\/larcare.pt\/onsc\/wp-json\/wp\/v2\/pages\/69\/revisions\/521"}],"wp:attachment":[{"href":"https:\/\/larcare.pt\/onsc\/wp-json\/wp\/v2\/media?parent=69"}],"curies":[{"name":"wp","href":"https:\/\/api.w.org\/{rel}","templated":true}]}}