{"id":58,"date":"2014-03-05T15:08:42","date_gmt":"2014-03-05T15:08:42","guid":{"rendered":"http:\/\/onscandeias.wordpress.com\/?page_id=58"},"modified":"2016-07-08T13:59:23","modified_gmt":"2016-07-08T13:59:23","slug":"benef-fiscais","status":"publish","type":"page","link":"https:\/\/larcare.pt\/onsc\/como-ajudar\/benef-fiscais\/","title":{"rendered":"Benef. Fiscais"},"content":{"rendered":"<p>Com um gesto simples e sem qualquer encargo atribua <b>0,5% do IRS<\/b> do valor liquidado \u00e0 <b>OBRA NOSSA SENHORA DAS CANDEIAS<\/b>.<b> <\/b><\/p>\n<p>O que precisa de fazer?<\/p>\n<p>Basta preencher o Quadro 11 &#8211; Anexo H, com o nosso NIF: 501 102 850.<\/p>\n<p><a href=\"https:\/\/larcare.pt\/onsc\/wp-content\/uploads\/2014\/03\/modelo3_q11.jpg\"><img loading=\"lazy\" class=\"wp-image-232 alignnone\" src=\"https:\/\/larcare.pt\/onsc\/wp-content\/uploads\/2014\/03\/modelo3_q11-1024x193.jpg\" alt=\"Print\" width=\"646\" height=\"110\" \/><\/a><\/p>\n<p><b>Sabia que \u00e9 poss\u00edvel destinar 0,5% dos seus impostos para uma organiza\u00e7\u00e3o de de apoio social?<\/b><\/p>\n<p>Esta ac\u00e7\u00e3o, designada Consigna\u00e7\u00e3o de Impostos, N\u00c3O IMPLICA QUALQUER CUSTO OU PERDA PARA O CONTRIBUINTE, uma vez que se trata do imposto anual que o Estado liquida (Lei 16\/2001 \u2013 artigo 32 n\u00ba 4 e 6).<\/p>\n<p>Porqu\u00ea?<\/p>\n<p>A contribui\u00e7\u00e3o atrav\u00e9s da Declara\u00e7\u00e3o de IRS \u00e9 um ato de Responsabilidade Social. Ao ajudar a Obra estar\u00e1 a contribuir diretamente para o desenvolvimento da nossa miss\u00e3o.<\/p>\n<p><strong>Contamos consigo!<\/strong><\/p>\n<p><span style=\"border-radius: 2px; text-indent: 20px; width: auto; padding: 0px 4px 0px 0px; text-align: center; font: bold 11px\/20px 'Helvetica Neue',Helvetica,sans-serif; color: #ffffff; background: #bd081c no-repeat scroll 3px 50% \/ 14px 14px; position: absolute; opacity: 1; z-index: 8675309; display: none; cursor: pointer;\">Salvar<\/span><\/p>\n<p><span style=\"border-radius: 2px; text-indent: 20px; width: auto; padding: 0px 4px 0px 0px; text-align: center; font: bold 11px\/20px 'Helvetica Neue',Helvetica,sans-serif; color: #ffffff; background: #bd081c no-repeat scroll 3px 50% \/ 14px 14px; position: absolute; opacity: 1; z-index: 8675309; display: none; cursor: pointer;\">Salvar<\/span><\/p>\n<p><span style=\"border-radius: 2px; text-indent: 20px; width: auto; padding: 0px 4px 0px 0px; text-align: center; font: bold 11px\/20px 'Helvetica Neue',Helvetica,sans-serif; color: #ffffff; background: #bd081c no-repeat scroll 3px 50% \/ 14px 14px; position: absolute; opacity: 1; z-index: 8675309; display: none; cursor: pointer;\">Salvar<\/span><\/p>\n<p><span style=\"border-radius: 2px; text-indent: 20px; width: auto; padding: 0px 4px 0px 0px; text-align: center; font: bold 11px\/20px 'Helvetica Neue',Helvetica,sans-serif; color: #ffffff; background: #bd081c no-repeat scroll 3px 50% \/ 14px 14px; position: absolute; opacity: 1; z-index: 8675309; display: none; cursor: pointer;\">Salvar<\/span><\/p>\n<p><span style=\"border-radius: 2px; text-indent: 20px; width: auto; padding: 0px 4px 0px 0px; text-align: center; font: bold 11px\/20px 'Helvetica Neue',Helvetica,sans-serif; color: #ffffff; background: #bd081c no-repeat scroll 3px 50% \/ 14px 14px; position: absolute; opacity: 1; z-index: 8675309; display: none; cursor: pointer;\">Salvar<\/span><\/p>\n<p><span style=\"border-radius: 2px; text-indent: 20px; width: auto; padding: 0px 4px 0px 0px; text-align: center; font: bold 11px\/20px 'Helvetica Neue',Helvetica,sans-serif; color: #ffffff; background: #bd081c no-repeat scroll 3px 50% \/ 14px 14px; position: absolute; opacity: 1; z-index: 8675309; display: none; cursor: pointer;\">Salvar<\/span><\/p>\n<p><span style=\"border-radius: 2px; text-indent: 20px; width: auto; padding: 0px 4px 0px 0px; text-align: center; font: bold 11px\/20px 'Helvetica Neue',Helvetica,sans-serif; color: #ffffff; background: #bd081c no-repeat scroll 3px 50% \/ 14px 14px; position: absolute; opacity: 1; z-index: 8675309; display: none; cursor: pointer;\">Salvar<\/span><\/p>\n<p><span style=\"border-radius: 2px; text-indent: 20px; width: auto; padding: 0px 4px 0px 0px; text-align: center; font: bold 11px\/20px 'Helvetica Neue',Helvetica,sans-serif; color: #ffffff; background: #bd081c  no-repeat scroll 3px 50% \/ 14px 14px; position: absolute; opacity: 1; z-index: 8675309; display: none; cursor: pointer;\">Salvar<\/span><\/p>\n","protected":false},"excerpt":{"rendered":"<p>Com um gesto simples e sem qualquer encargo atribua 0,5% do IRS do valor liquidado \u00e0 OBRA NOSSA SENHORA DAS CANDEIAS. O que precisa de fazer? Basta preencher o Quadro 11 &#8211; Anexo H, com o nosso NIF: 501 102 850. Sabia que \u00e9 poss\u00edvel destinar 0,5% dos seus impostos para uma organiza\u00e7\u00e3o de de&hellip;<\/p>\n<p><a class=\"more-link\" href=\"https:\/\/larcare.pt\/onsc\/como-ajudar\/benef-fiscais\/\" title=\"Continue reading &lsquo;Benef. Fiscais&rsquo;\">Continue reading <span class=\"meta-nav\">&rarr;<\/span><\/a><\/p>\n","protected":false},"author":1,"featured_media":0,"parent":51,"menu_order":2,"comment_status":"open","ping_status":"open","template":"","meta":[],"_links":{"self":[{"href":"https:\/\/larcare.pt\/onsc\/wp-json\/wp\/v2\/pages\/58"}],"collection":[{"href":"https:\/\/larcare.pt\/onsc\/wp-json\/wp\/v2\/pages"}],"about":[{"href":"https:\/\/larcare.pt\/onsc\/wp-json\/wp\/v2\/types\/page"}],"author":[{"embeddable":true,"href":"https:\/\/larcare.pt\/onsc\/wp-json\/wp\/v2\/users\/1"}],"replies":[{"embeddable":true,"href":"https:\/\/larcare.pt\/onsc\/wp-json\/wp\/v2\/comments?post=58"}],"version-history":[{"count":9,"href":"https:\/\/larcare.pt\/onsc\/wp-json\/wp\/v2\/pages\/58\/revisions"}],"predecessor-version":[{"id":356,"href":"https:\/\/larcare.pt\/onsc\/wp-json\/wp\/v2\/pages\/58\/revisions\/356"}],"up":[{"embeddable":true,"href":"https:\/\/larcare.pt\/onsc\/wp-json\/wp\/v2\/pages\/51"}],"wp:attachment":[{"href":"https:\/\/larcare.pt\/onsc\/wp-json\/wp\/v2\/media?parent=58"}],"curies":[{"name":"wp","href":"https:\/\/api.w.org\/{rel}","templated":true}]}}