{"id":49,"date":"2014-03-05T14:58:47","date_gmt":"2014-03-05T14:58:47","guid":{"rendered":"http:\/\/onscandeias.wordpress.com\/?page_id=49"},"modified":"2016-07-11T14:36:56","modified_gmt":"2016-07-11T14:36:56","slug":"apoio-ao-estudo","status":"publish","type":"page","link":"https:\/\/larcare.pt\/onsc\/respostas-sociais-pag\/apoio-ao-estudo\/","title":{"rendered":"Apoio ao Estudo"},"content":{"rendered":"<p><span style=\"text-decoration: underline;\">FARO<\/span><\/p>\n<pre>Caminho Jo\u00e3o da Ter\u00e7a, 26\r\n8700-210 Olh\u00e3o\r\ntelef: 289 722 296<\/pre>\n","protected":false},"excerpt":{"rendered":"<p>FARO Caminho Jo\u00e3o da Ter\u00e7a, 26 8700-210 Olh\u00e3o telef: 289 722 296<\/p>\n","protected":false},"author":1,"featured_media":0,"parent":35,"menu_order":4,"comment_status":"closed","ping_status":"closed","template":"","meta":[],"_links":{"self":[{"href":"https:\/\/larcare.pt\/onsc\/wp-json\/wp\/v2\/pages\/49"}],"collection":[{"href":"https:\/\/larcare.pt\/onsc\/wp-json\/wp\/v2\/pages"}],"about":[{"href":"https:\/\/larcare.pt\/onsc\/wp-json\/wp\/v2\/types\/page"}],"author":[{"embeddable":true,"href":"https:\/\/larcare.pt\/onsc\/wp-json\/wp\/v2\/users\/1"}],"replies":[{"embeddable":true,"href":"https:\/\/larcare.pt\/onsc\/wp-json\/wp\/v2\/comments?post=49"}],"version-history":[{"count":4,"href":"https:\/\/larcare.pt\/onsc\/wp-json\/wp\/v2\/pages\/49\/revisions"}],"predecessor-version":[{"id":360,"href":"https:\/\/larcare.pt\/onsc\/wp-json\/wp\/v2\/pages\/49\/revisions\/360"}],"up":[{"embeddable":true,"href":"https:\/\/larcare.pt\/onsc\/wp-json\/wp\/v2\/pages\/35"}],"wp:attachment":[{"href":"https:\/\/larcare.pt\/onsc\/wp-json\/wp\/v2\/media?parent=49"}],"curies":[{"name":"wp","href":"https:\/\/api.w.org\/{rel}","templated":true}]}}