{"id":445,"date":"2018-04-29T21:35:25","date_gmt":"2018-04-29T21:35:25","guid":{"rendered":"https:\/\/larcare.pt\/onsc\/?page_id=445"},"modified":"2020-08-28T19:12:35","modified_gmt":"2020-08-28T19:12:35","slug":"lar-residencial","status":"publish","type":"page","link":"https:\/\/larcare.pt\/onsc\/respostas-sociais-pag\/lar-residencial\/","title":{"rendered":"Lar Residencial"},"content":{"rendered":"\n<h4>Lar Residencial de S\u00e3o Jos\u00e9<\/h4>\n\n\n\n<p>Rua Vila Figueira de Castelo Rodrigo &#8211; Quinta do P\u00e9zinho<br>6400 &#8211; 304 Pinhel<br>Telefone: 271 413 786   <br>E-mail: <a href=\"mailto:onsc.larsjose@gmail.com\">onsc.larsjose@gmail.com<\/a><\/p>\n","protected":false},"excerpt":{"rendered":"<p>Lar Residencial de S\u00e3o Jos\u00e9 Rua Vila Figueira de Castelo Rodrigo &#8211; Quinta do P\u00e9zinho6400 &#8211; 304 PinhelTelefone: 271 413 786 E-mail: onsc.larsjose@gmail.com<\/p>\n","protected":false},"author":1,"featured_media":0,"parent":35,"menu_order":0,"comment_status":"closed","ping_status":"closed","template":"","meta":[],"_links":{"self":[{"href":"https:\/\/larcare.pt\/onsc\/wp-json\/wp\/v2\/pages\/445"}],"collection":[{"href":"https:\/\/larcare.pt\/onsc\/wp-json\/wp\/v2\/pages"}],"about":[{"href":"https:\/\/larcare.pt\/onsc\/wp-json\/wp\/v2\/types\/page"}],"author":[{"embeddable":true,"href":"https:\/\/larcare.pt\/onsc\/wp-json\/wp\/v2\/users\/1"}],"replies":[{"embeddable":true,"href":"https:\/\/larcare.pt\/onsc\/wp-json\/wp\/v2\/comments?post=445"}],"version-history":[{"count":3,"href":"https:\/\/larcare.pt\/onsc\/wp-json\/wp\/v2\/pages\/445\/revisions"}],"predecessor-version":[{"id":527,"href":"https:\/\/larcare.pt\/onsc\/wp-json\/wp\/v2\/pages\/445\/revisions\/527"}],"up":[{"embeddable":true,"href":"https:\/\/larcare.pt\/onsc\/wp-json\/wp\/v2\/pages\/35"}],"wp:attachment":[{"href":"https:\/\/larcare.pt\/onsc\/wp-json\/wp\/v2\/media?parent=445"}],"curies":[{"name":"wp","href":"https:\/\/api.w.org\/{rel}","templated":true}]}}