{"id":31,"date":"2014-03-05T14:39:16","date_gmt":"2014-03-05T14:39:16","guid":{"rendered":"http:\/\/onscandeias.wordpress.com\/?page_id=31"},"modified":"2016-07-06T15:46:58","modified_gmt":"2016-07-06T15:46:58","slug":"onde-estamos-2","status":"publish","type":"page","link":"https:\/\/larcare.pt\/onsc\/sobre\/onde-estamos-2\/","title":{"rendered":"Onde estamos"},"content":{"rendered":"<p style=\"text-align: justify;\">Para al\u00e9m da principal atividade de Lar de Inf\u00e2ncia e Juventude, a Obra dedica-se ainda a outras Respostas Sociais da \u00e1rea da Inf\u00e2ncia e Juventude e do apoio familiar como sejam as suas Creches, Jardins de Inf\u00e2ncia e Servi\u00e7os de Apoio ao Estudo.<\/p>\n<p style=\"text-align: justify;\">Hoje em dia a Obra apoia mensalmente em m\u00e9dia cerca de 650 crian\u00e7as e jovens, estando presente em diversos pontos do Pa\u00eds, com a seguinte distribui\u00e7\u00e3o:<\/p>\n<ul style=\"text-align: justify;\">\n<li>Distrito de Aveiro \u2013 1 N\u00facleo Familiar;<\/li>\n<li>Distrito de Braga \u2013 1 N\u00facleo Familiar;<\/li>\n<li>Distrito da Guarda \u2013 1 N\u00facleo Familiar e uma explora\u00e7\u00e3o agro-pecu\u00e1ria onde s\u00e3o desenvolvidas atividades pedag\u00f3gicas e ocupacionais \u201cA Candeia\u201d;<\/li>\n<li>Distrito de Faro \u2013 1 N\u00facleo Familiar, 1 Jardim de Inf\u00e2ncia,\u00a0 1 Creche, 1 servi\u00e7o de Apoio ao Estudo e 1 Atelier;<\/li>\n<li>Distrito do Porto \u2013\u00a07 N\u00facleos Familiares, 2 Jardins de Inf\u00e2ncia, 2 Creches, 2 servi\u00e7os de Apoio ao Estudo, 1 Atelier como espa\u00e7o de aprendizagem (escola de aprendizagem na \u00e1rea da costura e dos bordados), 1 Biblioteca e 1 Estabelecimento Comercial na \u00e1rea da confec\u00e7\u00e3o e decora\u00e7\u00e3o \u201cO Pavio\u201d.<\/li>\n<\/ul>\n<p style=\"text-align: justify;\">A Obra disp\u00f5e ainda de 2 casas de f\u00e9rias (Pinhel e Aldeia das Dez) por onde passam rotativamente as fam\u00edlias que constituem os N\u00facleos Familiares e outras casas de apoio.<\/p>\n","protected":false},"excerpt":{"rendered":"<p>Para al\u00e9m da principal atividade de Lar de Inf\u00e2ncia e Juventude, a Obra dedica-se ainda a outras Respostas Sociais da \u00e1rea da Inf\u00e2ncia e Juventude e do apoio familiar como sejam as suas Creches, Jardins de Inf\u00e2ncia e Servi\u00e7os de Apoio ao Estudo. Hoje em dia a Obra apoia mensalmente em m\u00e9dia cerca de 650&hellip;<\/p>\n<p><a class=\"more-link\" href=\"https:\/\/larcare.pt\/onsc\/sobre\/onde-estamos-2\/\" title=\"Continue reading &lsquo;Onde estamos&rsquo;\">Continue reading <span class=\"meta-nav\">&rarr;<\/span><\/a><\/p>\n","protected":false},"author":1,"featured_media":0,"parent":5,"menu_order":3,"comment_status":"closed","ping_status":"closed","template":"","meta":[],"_links":{"self":[{"href":"https:\/\/larcare.pt\/onsc\/wp-json\/wp\/v2\/pages\/31"}],"collection":[{"href":"https:\/\/larcare.pt\/onsc\/wp-json\/wp\/v2\/pages"}],"about":[{"href":"https:\/\/larcare.pt\/onsc\/wp-json\/wp\/v2\/types\/page"}],"author":[{"embeddable":true,"href":"https:\/\/larcare.pt\/onsc\/wp-json\/wp\/v2\/users\/1"}],"replies":[{"embeddable":true,"href":"https:\/\/larcare.pt\/onsc\/wp-json\/wp\/v2\/comments?post=31"}],"version-history":[{"count":4,"href":"https:\/\/larcare.pt\/onsc\/wp-json\/wp\/v2\/pages\/31\/revisions"}],"predecessor-version":[{"id":319,"href":"https:\/\/larcare.pt\/onsc\/wp-json\/wp\/v2\/pages\/31\/revisions\/319"}],"up":[{"embeddable":true,"href":"https:\/\/larcare.pt\/onsc\/wp-json\/wp\/v2\/pages\/5"}],"wp:attachment":[{"href":"https:\/\/larcare.pt\/onsc\/wp-json\/wp\/v2\/media?parent=31"}],"curies":[{"name":"wp","href":"https:\/\/api.w.org\/{rel}","templated":true}]}}