{"id":217,"date":"2016-03-29T09:28:23","date_gmt":"2016-03-29T09:28:23","guid":{"rendered":"https:\/\/larcare.pt\/onsc\/?page_id=217"},"modified":"2016-03-29T10:04:08","modified_gmt":"2016-03-29T10:04:08","slug":"resolucao-alternativa-de-litigios","status":"publish","type":"page","link":"https:\/\/larcare.pt\/onsc\/resolucao-alternativa-de-litigios\/","title":{"rendered":"Resolu\u00e7\u00e3o Alter. Lit\u00edgios"},"content":{"rendered":"<p><a href=\"https:\/\/larcare.pt\/onsc\/wp-content\/uploads\/2016\/03\/RAL.pdf\">RAL<\/a><\/p>\n","protected":false},"excerpt":{"rendered":"<p>RAL<\/p>\n","protected":false},"author":1,"featured_media":0,"parent":0,"menu_order":0,"comment_status":"closed","ping_status":"closed","template":"","meta":[],"_links":{"self":[{"href":"https:\/\/larcare.pt\/onsc\/wp-json\/wp\/v2\/pages\/217"}],"collection":[{"href":"https:\/\/larcare.pt\/onsc\/wp-json\/wp\/v2\/pages"}],"about":[{"href":"https:\/\/larcare.pt\/onsc\/wp-json\/wp\/v2\/types\/page"}],"author":[{"embeddable":true,"href":"https:\/\/larcare.pt\/onsc\/wp-json\/wp\/v2\/users\/1"}],"replies":[{"embeddable":true,"href":"https:\/\/larcare.pt\/onsc\/wp-json\/wp\/v2\/comments?post=217"}],"version-history":[{"count":9,"href":"https:\/\/larcare.pt\/onsc\/wp-json\/wp\/v2\/pages\/217\/revisions"}],"predecessor-version":[{"id":229,"href":"https:\/\/larcare.pt\/onsc\/wp-json\/wp\/v2\/pages\/217\/revisions\/229"}],"wp:attachment":[{"href":"https:\/\/larcare.pt\/onsc\/wp-json\/wp\/v2\/media?parent=217"}],"curies":[{"name":"wp","href":"https:\/\/api.w.org\/{rel}","templated":true}]}}