{"id":126,"date":"2015-07-22T16:53:16","date_gmt":"2015-07-22T16:53:16","guid":{"rendered":"https:\/\/onscandeias.wordpress.com\/?page_id=126"},"modified":"2022-06-20T08:38:36","modified_gmt":"2022-06-20T08:38:36","slug":"relatorio-e-contas","status":"publish","type":"page","link":"https:\/\/larcare.pt\/onsc\/relatorio-e-contas\/","title":{"rendered":"Relat\u00f3rio e Contas"},"content":{"rendered":"<p><a href=\"https:\/\/larcare.pt\/onsc\/wp-content\/uploads\/2014\/03\/cropped-logo-onsc1.png\"><img loading=\"lazy\" class=\"alignnone wp-image-151\" src=\"https:\/\/larcare.pt\/onsc\/wp-content\/uploads\/2014\/03\/cropped-logo-onsc1.png\" alt=\"cropped-logo-onsc1.png\" width=\"77\" height=\"148\" \/><\/a><\/p>\n<h4>Relat\u00f3rio de Gest\u00e3o<\/h4>\n<ul>\n<li><a href=\"https:\/\/larcare.pt\/onsc\/wp-content\/uploads\/2021\/07\/Relat\u00f3rio-de-Gest\u00e3o-2020.pdf\">2020<\/a><\/li>\n<li><a href=\"https:\/\/larcare.pt\/onsc\/wp-content\/uploads\/2022\/06\/Relatorio-Gestao-contas-2021_compressed-1.pdf\">2021<\/a><\/li>\n<\/ul>\n<h4>Balan\u00e7o<\/h4>\n<ul>\n<li><a href=\"https:\/\/larcare.pt\/onsc\/wp-content\/uploads\/2021\/07\/Balan\u00e7o-2020-1.pdf\">2020<\/a><\/li>\n<li><a href=\"https:\/\/larcare.pt\/onsc\/wp-content\/uploads\/2021\/07\/Anexo-\u00e0s-Demonstra\u00e7\u00f5es-Financeiras-2020-1.pdf\">2020 &#8211; Anexo \u00e0s Demonstra\u00e7\u00f5es Financeiras<\/a><\/li>\n<li><a href=\"https:\/\/larcare.pt\/onsc\/wp-content\/uploads\/2022\/06\/Balanc\u0327o-contas-2021.pdf\">2021<\/a><\/li>\n<li><a href=\"https:\/\/larcare.pt\/onsc\/wp-content\/uploads\/2022\/06\/Anexo-Demonstracoes-Financeiras-contas-2021_compressed-1.pdf\">2021 &#8211; Anexo \u00e0s Demonstra\u00e7\u00f5es Financeiras<\/a><\/li>\n<\/ul>\n<h4>Demonstra\u00e7\u00e3o dos Resultados por Natureza<\/h4>\n<ul>\n<li><a href=\"https:\/\/larcare.pt\/onsc\/wp-content\/uploads\/2021\/07\/Demonstra\u00e7\u00e3o-dos-Resultados-por-Natureza-2020-1.pdf\">2020<\/a><\/li>\n<li><a href=\"https:\/\/larcare.pt\/onsc\/wp-content\/uploads\/2022\/06\/Demonstrac\u0327a\u0303o-dos-Resultados-Por-Natureza-contas-2021.pdf\">2021<\/a><\/li>\n<\/ul>\n<h4>Demonstra\u00e7\u00e3o das Altera\u00e7\u00f5es nos Fundos Patrimoniais<\/h4>\n<ul>\n<li><a href=\"https:\/\/larcare.pt\/onsc\/wp-content\/uploads\/2021\/07\/Demonstra\u00e7\u00e3o-das-Altera\u00e7\u00f5es-nos-Fundos-Patrimoniais-2020-1.pdf\">2020<\/a><\/li>\n<li><a href=\"https:\/\/larcare.pt\/onsc\/wp-content\/uploads\/2022\/06\/Demonstrac\u0327a\u0303o-das-Alterac\u0327o\u0303es-nos-Fundos-Patrimoniais-contas-2021.pdf\">2021<\/a><\/li>\n<\/ul>\n<h4>Demonstra\u00e7\u00e3o dos Fluxos de Caixa<\/h4>\n<ul>\n<li><a href=\"https:\/\/larcare.pt\/onsc\/wp-content\/uploads\/2021\/07\/Demonstra\u00e7\u00e3o-dos-Fluxos-de-Caixa-2020-1.pdf\">2020<\/a><\/li>\n<li><a href=\"https:\/\/larcare.pt\/onsc\/wp-content\/uploads\/2022\/06\/Demonstrac\u0327a\u0303o-Fluxos-de-Caixa-contas-2021.pdf\">2021<\/a><\/li>\n<\/ul>\n<h4>Certifica\u00e7\u00e3o Legal das Contas<\/h4>\n<ul>\n<li><a href=\"https:\/\/larcare.pt\/onsc\/wp-content\/uploads\/2021\/07\/CLC-2020-1.pdf\">2020<\/a><\/li>\n<li><a href=\"https:\/\/larcare.pt\/onsc\/wp-content\/uploads\/2022\/06\/Certificac\u0327a\u0303o-Legal-contas-2021.pdf\">2021<\/a><\/li>\n<\/ul>\n<h4>Ata do Conselho Fiscal<\/h4>\n<ul>\n<li><a href=\"https:\/\/larcare.pt\/onsc\/wp-content\/uploads\/2021\/07\/Acta-Conselho-Fiscal-2020-2.pdf\">2020<\/a><\/li>\n<li><a href=\"https:\/\/larcare.pt\/onsc\/wp-content\/uploads\/2022\/06\/Ata-CF-contas-2021.pdf\">2021<\/a><\/li>\n<\/ul>\n<p><span style=\"border-radius: 2px; text-indent: 20px; width: auto; padding: 0px 4px 0px 0px; text-align: center; font: bold 11px\/20px 'Helvetica Neue',Helvetica,sans-serif; color: #ffffff; background: #bd081c no-repeat scroll 3px 50% \/ 14px 14px; position: absolute; opacity: 1; z-index: 8675309; display: none; cursor: pointer;\">Salvar<\/span><\/p>\n<p><span style=\"border-radius: 2px; text-indent: 20px; width: auto; padding: 0px 4px 0px 0px; text-align: center; font: bold 11px\/20px 'Helvetica Neue',Helvetica,sans-serif; color: #ffffff; background: #bd081c no-repeat scroll 3px 50% \/ 14px 14px; position: absolute; opacity: 1; z-index: 8675309; display: none; cursor: pointer;\">Salvar<\/span><\/p>\n<p><span style=\"border-radius: 2px; text-indent: 20px; width: auto; padding: 0px 4px 0px 0px; text-align: center; font: bold 11px\/20px 'Helvetica Neue',Helvetica,sans-serif; color: #ffffff; background: #bd081c no-repeat scroll 3px 50% \/ 14px 14px; position: absolute; opacity: 1; z-index: 8675309; display: none; cursor: pointer;\">Salvar<\/span><\/p>\n<p><span style=\"border-radius: 2px; text-indent: 20px; width: auto; padding: 0px 4px 0px 0px; text-align: center; font: bold 11px\/20px 'Helvetica Neue',Helvetica,sans-serif; color: #ffffff; background: #bd081c no-repeat scroll 3px 50% \/ 14px 14px; position: absolute; opacity: 1; z-index: 8675309; display: none; cursor: pointer;\">Salvar<\/span><\/p>\n<p><span style=\"border-radius: 2px; text-indent: 20px; width: auto; padding: 0px 4px 0px 0px; text-align: center; font: bold 11px\/20px 'Helvetica Neue',Helvetica,sans-serif; color: #ffffff; background: #bd081c no-repeat scroll 3px 50% \/ 14px 14px; position: absolute; opacity: 1; z-index: 8675309; display: none; cursor: pointer;\">Salvar<\/span><\/p>\n\n\n\n\n<p><\/p>\n","protected":false},"excerpt":{"rendered":"<p>Relat\u00f3rio de Gest\u00e3o 2020 2021 Balan\u00e7o 2020 2020 &#8211; Anexo \u00e0s Demonstra\u00e7\u00f5es Financeiras 2021 2021 &#8211; Anexo \u00e0s Demonstra\u00e7\u00f5es Financeiras Demonstra\u00e7\u00e3o dos Resultados por Natureza 2020 2021 Demonstra\u00e7\u00e3o das Altera\u00e7\u00f5es nos Fundos Patrimoniais 2020 2021 Demonstra\u00e7\u00e3o dos Fluxos de Caixa 2020 2021 Certifica\u00e7\u00e3o Legal das Contas 2020 2021 Ata do Conselho Fiscal 2020 2021 Salvar&hellip;<\/p>\n<p><a class=\"more-link\" href=\"https:\/\/larcare.pt\/onsc\/relatorio-e-contas\/\" title=\"Continue reading &lsquo;Relat\u00f3rio e Contas&rsquo;\">Continue reading <span class=\"meta-nav\">&rarr;<\/span><\/a><\/p>\n","protected":false},"author":1,"featured_media":0,"parent":0,"menu_order":1,"comment_status":"open","ping_status":"open","template":"","meta":[],"_links":{"self":[{"href":"https:\/\/larcare.pt\/onsc\/wp-json\/wp\/v2\/pages\/126"}],"collection":[{"href":"https:\/\/larcare.pt\/onsc\/wp-json\/wp\/v2\/pages"}],"about":[{"href":"https:\/\/larcare.pt\/onsc\/wp-json\/wp\/v2\/types\/page"}],"author":[{"embeddable":true,"href":"https:\/\/larcare.pt\/onsc\/wp-json\/wp\/v2\/users\/1"}],"replies":[{"embeddable":true,"href":"https:\/\/larcare.pt\/onsc\/wp-json\/wp\/v2\/comments?post=126"}],"version-history":[{"count":49,"href":"https:\/\/larcare.pt\/onsc\/wp-json\/wp\/v2\/pages\/126\/revisions"}],"predecessor-version":[{"id":587,"href":"https:\/\/larcare.pt\/onsc\/wp-json\/wp\/v2\/pages\/126\/revisions\/587"}],"wp:attachment":[{"href":"https:\/\/larcare.pt\/onsc\/wp-json\/wp\/v2\/media?parent=126"}],"curies":[{"name":"wp","href":"https:\/\/api.w.org\/{rel}","templated":true}]}}